{"id":2209,"date":"2024-05-02T13:37:36","date_gmt":"2024-05-02T12:37:36","guid":{"rendered":"https:\/\/onecinema.de\/?page_id=2209"},"modified":"2024-05-14T08:52:07","modified_gmt":"2024-05-14T07:52:07","slug":"onecinema-for-projection-managers","status":"publish","type":"page","link":"https:\/\/onecinema.de\/en\/onecinema-for-projection-managers\/","title":{"rendered":"OneCinema for Projection managers"},"content":{"rendered":"<div data-elementor-type=\"wp-page\" data-elementor-id=\"2209\" class=\"elementor elementor-2209\" data-elementor-post-type=\"page\">\n\t\t\t\t<div class=\"elementor-element elementor-element-0aa9ca7 e-flex e-con-boxed e-con e-parent\" data-id=\"0aa9ca7\" data-element_type=\"container\" data-e-type=\"container\">\n\t\t\t\t\t<div class=\"e-con-inner\">\n\t\t\t\t<div class=\"elementor-element elementor-element-91db1a9 elementor-widget elementor-widget-heading\" data-id=\"91db1a9\" data-element_type=\"widget\" data-e-type=\"widget\" data-widget_type=\"heading.default\">\n\t\t\t\t<div class=\"elementor-widget-container\">\n\t\t\t\t\t<h2 class=\"elementor-heading-title elementor-size-default\">FAQ for CTO \/ Head of the projection department<\/h2>\t\t\t\t<\/div>\n\t\t\t\t<\/div>\n\t\t\t\t\t<\/div>\n\t\t\t\t<\/div>\n\t\t<div class=\"elementor-element elementor-element-fe5dc32 e-flex e-con-boxed e-con e-parent\" data-id=\"fe5dc32\" data-element_type=\"container\" data-e-type=\"container\">\n\t\t\t\t\t<div class=\"e-con-inner\">\n\t\t\t\t\t<\/div>\n\t\t\t\t<\/div>\n\t\t<div class=\"elementor-element elementor-element-129921c e-flex e-con-boxed e-con e-parent\" data-id=\"129921c\" data-element_type=\"container\" data-e-type=\"container\">\n\t\t\t\t\t<div class=\"e-con-inner\">\n\t\t\t\t<div class=\"elementor-element elementor-element-da2d69e elementor-widget elementor-widget-text-editor\" data-id=\"da2d69e\" data-element_type=\"widget\" data-e-type=\"widget\" data-widget_type=\"text-editor.default\">\n\t\t\t\t<div class=\"elementor-widget-container\">\n\t\t\t\t\t\t\t\t\t<p>Do you struggle with daily OPERATIONS? <br \/>Are you looking for a simple TMS that reduces the time spent managing operations instead of increasing the pressure on your team?<\/p><p><strong>Is your current TMS unable to answer some of the following time-consuming questions correctly?<\/strong> <br \/>Then it's time to get in touch with us and save time and money in your day-to-day business<\/p>\t\t\t\t\t\t\t\t<\/div>\n\t\t\t\t<\/div>\n\t\t\t\t\t<\/div>\n\t\t\t\t<\/div>\n\t\t<div class=\"elementor-element elementor-element-db3c969 e-flex e-con-boxed e-con e-parent\" data-id=\"db3c969\" data-element_type=\"container\" data-e-type=\"container\">\n\t\t\t\t\t<div class=\"e-con-inner\">\n\t\t<div class=\"elementor-element elementor-element-fd9a61f e-con-full e-flex e-con e-child\" data-id=\"fd9a61f\" data-element_type=\"container\" data-e-type=\"container\">\n\t\t\t\t<div class=\"elementor-element elementor-element-e021ab1 elementor-widget elementor-widget-image\" data-id=\"e021ab1\" data-element_type=\"widget\" data-e-type=\"widget\" data-widget_type=\"image.default\">\n\t\t\t\t<div class=\"elementor-widget-container\">\n\t\t\t\t\t\t\t\t\t\t\t\t\t\t\t<img fetchpriority=\"high\" decoding=\"async\" width=\"640\" height=\"640\" src=\"https:\/\/onecinema.de\/wp-content\/uploads\/2024\/05\/b3a5ead7-7c73-4c95-b259-eb07629a5d3d.jpeg\" class=\"attachment-large size-large wp-image-2221\" alt=\"\" srcset=\"https:\/\/onecinema.de\/wp-content\/uploads\/2024\/05\/b3a5ead7-7c73-4c95-b259-eb07629a5d3d.jpeg 1024w, https:\/\/onecinema.de\/wp-content\/uploads\/2024\/05\/b3a5ead7-7c73-4c95-b259-eb07629a5d3d-500x500.jpeg 500w, https:\/\/onecinema.de\/wp-content\/uploads\/2024\/05\/b3a5ead7-7c73-4c95-b259-eb07629a5d3d-300x300.jpeg 300w, https:\/\/onecinema.de\/wp-content\/uploads\/2024\/05\/b3a5ead7-7c73-4c95-b259-eb07629a5d3d-768x768.jpeg 768w, https:\/\/onecinema.de\/wp-content\/uploads\/2024\/05\/b3a5ead7-7c73-4c95-b259-eb07629a5d3d-12x12.jpeg 12w\" sizes=\"(max-width: 640px) 100vw, 640px\" \/>\t\t\t\t\t\t\t\t\t\t\t\t\t\t\t<\/div>\n\t\t\t\t<\/div>\n\t\t\t\t<\/div>\n\t\t<div class=\"elementor-element elementor-element-2015a00 e-con-full e-flex e-con e-child\" data-id=\"2015a00\" data-element_type=\"container\" data-e-type=\"container\">\n\t\t\t\t<div class=\"elementor-element elementor-element-13efb42 elementor-widget elementor-widget-text-editor\" data-id=\"13efb42\" data-element_type=\"widget\" data-e-type=\"widget\" data-widget_type=\"text-editor.default\">\n\t\t\t\t<div class=\"elementor-widget-container\">\n\t\t\t\t\t\t\t\t\t<ul><li>What measures does my TMS take to <strong>clean up unnecessary content<\/strong> and ensure a centralized backup?<\/li><li>How does my cinema manage the breaks to avoid overloads and keep the <strong>Reduce personnel costs at the kiosks?<\/strong><\/li><li>What mechanisms are there in my TMS to solve problems with audio\/video formats and the <strong>Key management (KDM)<\/strong> to solve?<\/li><li>How does my TMS organize the copying processes? Are there any problems with copying processes during a show that could lead to a<strong> Network\/server overload<\/strong> can lead?<\/li><li>What about the content dependency between the trailers and the feature film? Do these<strong> manually each time<\/strong> be adapted?<\/li><li>How do I determine the best <strong>playable brightness level and the best picture format<\/strong> for an optimal movie experience? Every time \/ Manually \/ Never?<\/li><li>How do I adjust the <strong>Climate control<\/strong> in movie theaters depending on capacity and occupancy? Is that efficient? Can I reduce the costs?<\/li><\/ul>\t\t\t\t\t\t\t\t<\/div>\n\t\t\t\t<\/div>\n\t\t\t\t<\/div>\n\t\t\t\t\t<\/div>\n\t\t\t\t<\/div>\n\t\t<div class=\"elementor-element elementor-element-e84d689 e-flex e-con-boxed e-con e-parent\" data-id=\"e84d689\" data-element_type=\"container\" data-e-type=\"container\">\n\t\t\t\t\t<div class=\"e-con-inner\">\n\t\t<div class=\"elementor-element elementor-element-b53928a e-con-full e-flex e-con e-child\" data-id=\"b53928a\" data-element_type=\"container\" data-e-type=\"container\">\n\t\t\t\t<div class=\"elementor-element elementor-element-9203553 elementor-widget elementor-widget-text-editor\" data-id=\"9203553\" data-element_type=\"widget\" data-e-type=\"widget\" data-widget_type=\"text-editor.default\">\n\t\t\t\t<div class=\"elementor-widget-container\">\n\t\t\t\t\t\t\t\t\t<p>Our TMS and our Cloud Circuit Management provide answers to all these questions.<strong> automated responses that<\/strong> reduce the pressure on operating personnel and <strong>provide the best viewing experience.<\/strong><\/p>\t\t\t\t\t\t\t\t<\/div>\n\t\t\t\t<\/div>\n\t\t\t\t<\/div>\n\t\t<div class=\"elementor-element elementor-element-3a330cc e-con-full e-flex e-con e-child\" data-id=\"3a330cc\" data-element_type=\"container\" data-e-type=\"container\">\n\t\t\t\t<div class=\"elementor-element elementor-element-a4b03c4 elementor-widget elementor-widget-text-editor\" data-id=\"a4b03c4\" data-element_type=\"widget\" data-e-type=\"widget\" data-widget_type=\"text-editor.default\">\n\t\t\t\t<div class=\"elementor-widget-container\">\n\t\t\t\t\t\t\t\t\t<p>Read more and <strong>contact us<\/strong> for a personalized demo<\/p>\t\t\t\t\t\t\t\t<\/div>\n\t\t\t\t<\/div>\n\t\t\t\t<div class=\"elementor-element elementor-element-9eae92e elementor-widget elementor-widget-button\" data-id=\"9eae92e\" data-element_type=\"widget\" data-e-type=\"widget\" data-widget_type=\"button.default\">\n\t\t\t\t<div class=\"elementor-widget-container\">\n\t\t\t\t\t\t\t\t\t<div class=\"elementor-button-wrapper\">\n\t\t\t\t\t<a class=\"elementor-button elementor-button-link elementor-size-sm\" href=\"https:\/\/onecinema.de\/en\/kontakt\/\">\n\t\t\t\t\t\t<span class=\"elementor-button-content-wrapper\">\n\t\t\t\t\t\t\t\t\t<span class=\"elementor-button-text\">Request a demo<\/span>\n\t\t\t\t\t<\/span>\n\t\t\t\t\t<\/a>\n\t\t\t\t<\/div>\n\t\t\t\t\t\t\t\t<\/div>\n\t\t\t\t<\/div>\n\t\t\t\t<\/div>\n\t\t\t\t\t<\/div>\n\t\t\t\t<\/div>\n\t\t\t\t<\/div>","protected":false},"excerpt":{"rendered":"<p>FAQ f\u00fcr CTO \/ Leiter der Projektionsabteilung K\u00e4mpfen Sie mit den t\u00e4glichen OPERATIONEN? Sind Sie auf der Suche nach einem einfachen TMS, das den Zeitaufwand f\u00fcr die Verwaltung des Betriebs reduziert, anstatt den Druck auf Ihr Team zu erh\u00f6hen? Ist Ihr derzeitiges TMS nicht in der Lage, einige der folgenden zeitraubenden Fragen richtig zu beantworten? [&hellip;]<\/p>\n","protected":false},"author":3,"featured_media":0,"parent":0,"menu_order":15,"comment_status":"closed","ping_status":"closed","template":"","meta":{"footnotes":""},"class_list":["post-2209","page","type-page","status-publish","hentry"],"yoast_head":"<!-- This site is optimized with the Yoast SEO plugin v27.4 - https:\/\/yoast.com\/product\/yoast-seo-wordpress\/ -->\n<title>OneCinema for Projection managers - OneCinema<\/title>\n<meta name=\"robots\" content=\"index, follow, max-snippet:-1, max-image-preview:large, max-video-preview:-1\" \/>\n<link rel=\"canonical\" href=\"https:\/\/onecinema.de\/en\/onecinema-for-projection-managers\/\" \/>\n<meta property=\"og:locale\" content=\"en_US\" \/>\n<meta property=\"og:type\" content=\"article\" \/>\n<meta property=\"og:title\" content=\"OneCinema for Projection managers - OneCinema\" \/>\n<meta property=\"og:description\" content=\"FAQ f\u00fcr CTO \/ Leiter der Projektionsabteilung K\u00e4mpfen Sie mit den t\u00e4glichen OPERATIONEN? Sind Sie auf der Suche nach einem einfachen TMS, das den Zeitaufwand f\u00fcr die Verwaltung des Betriebs reduziert, anstatt den Druck auf Ihr Team zu erh\u00f6hen? Ist Ihr derzeitiges TMS nicht in der Lage, einige der folgenden zeitraubenden Fragen richtig zu beantworten? [&hellip;]\" \/>\n<meta property=\"og:url\" content=\"https:\/\/onecinema.de\/en\/onecinema-for-projection-managers\/\" \/>\n<meta property=\"og:site_name\" content=\"OneCinema\" \/>\n<meta property=\"article:modified_time\" content=\"2024-05-14T07:52:07+00:00\" \/>\n<meta property=\"og:image\" content=\"https:\/\/onecinema.de\/wp-content\/uploads\/2024\/05\/b3a5ead7-7c73-4c95-b259-eb07629a5d3d.jpeg\" \/>\n<meta name=\"twitter:card\" content=\"summary_large_image\" \/>\n<meta name=\"twitter:label1\" content=\"Est. reading time\" \/>\n\t<meta name=\"twitter:data1\" content=\"2 minutes\" \/>\n<script type=\"application\/ld+json\" class=\"yoast-schema-graph\">{\"@context\":\"https:\\\/\\\/schema.org\",\"@graph\":[{\"@type\":\"WebPage\",\"@id\":\"https:\\\/\\\/onecinema.de\\\/onecinema-for-projection-managers\\\/\",\"url\":\"https:\\\/\\\/onecinema.de\\\/onecinema-for-projection-managers\\\/\",\"name\":\"OneCinema for Projection managers - OneCinema\",\"isPartOf\":{\"@id\":\"https:\\\/\\\/onecinema.de\\\/#website\"},\"primaryImageOfPage\":{\"@id\":\"https:\\\/\\\/onecinema.de\\\/onecinema-for-projection-managers\\\/#primaryimage\"},\"image\":{\"@id\":\"https:\\\/\\\/onecinema.de\\\/onecinema-for-projection-managers\\\/#primaryimage\"},\"thumbnailUrl\":\"https:\\\/\\\/onecinema.de\\\/wp-content\\\/uploads\\\/2024\\\/05\\\/b3a5ead7-7c73-4c95-b259-eb07629a5d3d.jpeg\",\"datePublished\":\"2024-05-02T12:37:36+00:00\",\"dateModified\":\"2024-05-14T07:52:07+00:00\",\"breadcrumb\":{\"@id\":\"https:\\\/\\\/onecinema.de\\\/onecinema-for-projection-managers\\\/#breadcrumb\"},\"inLanguage\":\"en-US\",\"potentialAction\":[{\"@type\":\"ReadAction\",\"target\":[\"https:\\\/\\\/onecinema.de\\\/onecinema-for-projection-managers\\\/\"]}]},{\"@type\":\"ImageObject\",\"inLanguage\":\"en-US\",\"@id\":\"https:\\\/\\\/onecinema.de\\\/onecinema-for-projection-managers\\\/#primaryimage\",\"url\":\"https:\\\/\\\/onecinema.de\\\/wp-content\\\/uploads\\\/2024\\\/05\\\/b3a5ead7-7c73-4c95-b259-eb07629a5d3d.jpeg\",\"contentUrl\":\"https:\\\/\\\/onecinema.de\\\/wp-content\\\/uploads\\\/2024\\\/05\\\/b3a5ead7-7c73-4c95-b259-eb07629a5d3d.jpeg\"},{\"@type\":\"BreadcrumbList\",\"@id\":\"https:\\\/\\\/onecinema.de\\\/onecinema-for-projection-managers\\\/#breadcrumb\",\"itemListElement\":[{\"@type\":\"ListItem\",\"position\":1,\"name\":\"Startseite\",\"item\":\"https:\\\/\\\/onecinema.de\\\/\"},{\"@type\":\"ListItem\",\"position\":2,\"name\":\"OneCinema for Projection managers\"}]},{\"@type\":\"WebSite\",\"@id\":\"https:\\\/\\\/onecinema.de\\\/#website\",\"url\":\"https:\\\/\\\/onecinema.de\\\/\",\"name\":\"OneCinema\",\"description\":\"Focus on Entertainment\",\"potentialAction\":[{\"@type\":\"SearchAction\",\"target\":{\"@type\":\"EntryPoint\",\"urlTemplate\":\"https:\\\/\\\/onecinema.de\\\/?s={search_term_string}\"},\"query-input\":{\"@type\":\"PropertyValueSpecification\",\"valueRequired\":true,\"valueName\":\"search_term_string\"}}],\"inLanguage\":\"en-US\"}]}<\/script>\n<!-- \/ Yoast SEO plugin. -->","yoast_head_json":{"title":"OneCinema for Projection managers - OneCinema","robots":{"index":"index","follow":"follow","max-snippet":"max-snippet:-1","max-image-preview":"max-image-preview:large","max-video-preview":"max-video-preview:-1"},"canonical":"https:\/\/onecinema.de\/en\/onecinema-for-projection-managers\/","og_locale":"en_US","og_type":"article","og_title":"OneCinema for Projection managers - OneCinema","og_description":"FAQ f\u00fcr CTO \/ Leiter der Projektionsabteilung K\u00e4mpfen Sie mit den t\u00e4glichen OPERATIONEN? Sind Sie auf der Suche nach einem einfachen TMS, das den Zeitaufwand f\u00fcr die Verwaltung des Betriebs reduziert, anstatt den Druck auf Ihr Team zu erh\u00f6hen? Ist Ihr derzeitiges TMS nicht in der Lage, einige der folgenden zeitraubenden Fragen richtig zu beantworten? [&hellip;]","og_url":"https:\/\/onecinema.de\/en\/onecinema-for-projection-managers\/","og_site_name":"OneCinema","article_modified_time":"2024-05-14T07:52:07+00:00","og_image":[{"url":"https:\/\/onecinema.de\/wp-content\/uploads\/2024\/05\/b3a5ead7-7c73-4c95-b259-eb07629a5d3d.jpeg","type":"","width":"","height":""}],"twitter_card":"summary_large_image","twitter_misc":{"Est. reading time":"2 minutes"},"schema":{"@context":"https:\/\/schema.org","@graph":[{"@type":"WebPage","@id":"https:\/\/onecinema.de\/onecinema-for-projection-managers\/","url":"https:\/\/onecinema.de\/onecinema-for-projection-managers\/","name":"OneCinema for Projection managers - OneCinema","isPartOf":{"@id":"https:\/\/onecinema.de\/#website"},"primaryImageOfPage":{"@id":"https:\/\/onecinema.de\/onecinema-for-projection-managers\/#primaryimage"},"image":{"@id":"https:\/\/onecinema.de\/onecinema-for-projection-managers\/#primaryimage"},"thumbnailUrl":"https:\/\/onecinema.de\/wp-content\/uploads\/2024\/05\/b3a5ead7-7c73-4c95-b259-eb07629a5d3d.jpeg","datePublished":"2024-05-02T12:37:36+00:00","dateModified":"2024-05-14T07:52:07+00:00","breadcrumb":{"@id":"https:\/\/onecinema.de\/onecinema-for-projection-managers\/#breadcrumb"},"inLanguage":"en-US","potentialAction":[{"@type":"ReadAction","target":["https:\/\/onecinema.de\/onecinema-for-projection-managers\/"]}]},{"@type":"ImageObject","inLanguage":"en-US","@id":"https:\/\/onecinema.de\/onecinema-for-projection-managers\/#primaryimage","url":"https:\/\/onecinema.de\/wp-content\/uploads\/2024\/05\/b3a5ead7-7c73-4c95-b259-eb07629a5d3d.jpeg","contentUrl":"https:\/\/onecinema.de\/wp-content\/uploads\/2024\/05\/b3a5ead7-7c73-4c95-b259-eb07629a5d3d.jpeg"},{"@type":"BreadcrumbList","@id":"https:\/\/onecinema.de\/onecinema-for-projection-managers\/#breadcrumb","itemListElement":[{"@type":"ListItem","position":1,"name":"Startseite","item":"https:\/\/onecinema.de\/"},{"@type":"ListItem","position":2,"name":"OneCinema for Projection managers"}]},{"@type":"WebSite","@id":"https:\/\/onecinema.de\/#website","url":"https:\/\/onecinema.de\/","name":"OneCinema","description":"Focus on Entertainment","potentialAction":[{"@type":"SearchAction","target":{"@type":"EntryPoint","urlTemplate":"https:\/\/onecinema.de\/?s={search_term_string}"},"query-input":{"@type":"PropertyValueSpecification","valueRequired":true,"valueName":"search_term_string"}}],"inLanguage":"en-US"}]}},"_links":{"self":[{"href":"https:\/\/onecinema.de\/en\/wp-json\/wp\/v2\/pages\/2209","targetHints":{"allow":["GET"]}}],"collection":[{"href":"https:\/\/onecinema.de\/en\/wp-json\/wp\/v2\/pages"}],"about":[{"href":"https:\/\/onecinema.de\/en\/wp-json\/wp\/v2\/types\/page"}],"author":[{"embeddable":true,"href":"https:\/\/onecinema.de\/en\/wp-json\/wp\/v2\/users\/3"}],"replies":[{"embeddable":true,"href":"https:\/\/onecinema.de\/en\/wp-json\/wp\/v2\/comments?post=2209"}],"version-history":[{"count":4,"href":"https:\/\/onecinema.de\/en\/wp-json\/wp\/v2\/pages\/2209\/revisions"}],"predecessor-version":[{"id":2236,"href":"https:\/\/onecinema.de\/en\/wp-json\/wp\/v2\/pages\/2209\/revisions\/2236"}],"wp:attachment":[{"href":"https:\/\/onecinema.de\/en\/wp-json\/wp\/v2\/media?parent=2209"}],"curies":[{"name":"wp","href":"https:\/\/api.w.org\/{rel}","templated":true}]}}