{"id":291,"date":"2023-12-07T13:30:23","date_gmt":"2023-12-07T13:30:23","guid":{"rendered":"http:\/\/onecinema.de\/?page_id=291"},"modified":"2026-01-14T09:51:30","modified_gmt":"2026-01-14T08:51:30","slug":"onecinema-cloud","status":"publish","type":"page","link":"https:\/\/onecinema.de\/en\/produkte\/onecinema-cloud\/","title":{"rendered":"OneCinema Cloud"},"content":{"rendered":"<div data-elementor-type=\"wp-page\" data-elementor-id=\"291\" class=\"elementor elementor-291\" data-elementor-post-type=\"page\">\n\t\t\t\t<div class=\"elementor-element elementor-element-15ee620 e-con-full e-flex e-con e-parent\" data-id=\"15ee620\" data-element_type=\"container\" data-e-type=\"container\">\n\t\t\t\t<div class=\"elementor-element elementor-element-de0a7ee elementor--v-position-bottom customheader elementor--h-position-center elementor-widget elementor-widget-slides\" data-id=\"de0a7ee\" data-element_type=\"widget\" data-e-type=\"widget\" data-settings=\"{&quot;navigation&quot;:&quot;none&quot;,&quot;transition&quot;:&quot;fade&quot;,&quot;autoplay&quot;:&quot;yes&quot;,&quot;pause_on_hover&quot;:&quot;yes&quot;,&quot;pause_on_interaction&quot;:&quot;yes&quot;,&quot;autoplay_speed&quot;:5000,&quot;infinite&quot;:&quot;yes&quot;,&quot;transition_speed&quot;:500}\" data-widget_type=\"slides.default\">\n\t\t\t\t<div class=\"elementor-widget-container\">\n\t\t\t\t\t\t\t\t\t<div class=\"elementor-swiper\">\n\t\t\t\t\t<div class=\"elementor-slides-wrapper elementor-main-swiper swiper\" role=\"region\" aria-roledescription=\"carousel\" aria-label=\"Slides\" dir=\"ltr\" data-animation=\"\">\n\t\t\t\t<div class=\"swiper-wrapper elementor-slides\">\n\t\t\t\t\t\t\t\t\t\t<div class=\"elementor-repeater-item-5413e33 swiper-slide\" role=\"group\" aria-roledescription=\"slide\"><div class=\"swiper-slide-bg\" role=\"img\" aria-label=\"onecinema-header-master-1920x1080-cloud\"><\/div><div class=\"swiper-slide-inner\" ><div class=\"swiper-slide-contents\"><div class=\"elementor-slide-heading\">One platform.                           \nOne interface. \nTotal cinema control.<\/div><div class=\"elementor-slide-description\"><p>A unified cloud platform built for modern cinemas.<\/p><\/div><a href=\"https:\/\/onecinema.de\/en\/news\/\" class=\"elementor-button elementor-slide-button elementor-size-sm\">What's New?<\/a><\/div><\/div><\/div>\t\t\t\t<\/div>\n\t\t\t\t\t\t\t<\/div>\n\t\t\t\t<\/div>\n\t\t\t\t\t\t\t\t<\/div>\n\t\t\t\t<\/div>\n\t\t\t\t<\/div>\n\t\t<div class=\"elementor-element elementor-element-a1a7a8b e-flex e-con-boxed e-con e-parent\" data-id=\"a1a7a8b\" data-element_type=\"container\" data-e-type=\"container\">\n\t\t\t\t\t<div class=\"e-con-inner\">\n\t\t\t\t<div class=\"elementor-element elementor-element-8da5706 elementor-widget elementor-widget-spacer\" data-id=\"8da5706\" data-element_type=\"widget\" data-e-type=\"widget\" data-widget_type=\"spacer.default\">\n\t\t\t\t<div class=\"elementor-widget-container\">\n\t\t\t\t\t\t\t<div class=\"elementor-spacer\">\n\t\t\t<div class=\"elementor-spacer-inner\"><\/div>\n\t\t<\/div>\n\t\t\t\t\t\t<\/div>\n\t\t\t\t<\/div>\n\t\t\t\t\t<\/div>\n\t\t\t\t<\/div>\n\t\t<div class=\"elementor-element elementor-element-2ef6c5b e-flex e-con-boxed e-con e-parent\" data-id=\"2ef6c5b\" data-element_type=\"container\" data-e-type=\"container\">\n\t\t\t\t\t<div class=\"e-con-inner\">\n\t\t<div class=\"elementor-element elementor-element-de4de55 e-con-full e-flex e-con e-child\" data-id=\"de4de55\" data-element_type=\"container\" data-e-type=\"container\">\n\t\t\t\t<div class=\"elementor-element elementor-element-91a3abc elementor-widget elementor-widget-image\" data-id=\"91a3abc\" data-element_type=\"widget\" data-e-type=\"widget\" data-widget_type=\"image.default\">\n\t\t\t\t<div class=\"elementor-widget-container\">\n\t\t\t\t\t\t\t\t\t\t\t\t\t\t\t<img fetchpriority=\"high\" decoding=\"async\" width=\"640\" height=\"461\" src=\"https:\/\/onecinema.de\/wp-content\/uploads\/2023\/12\/OneCinema-Cloud-1.png\" class=\"attachment-large size-large wp-image-408\" alt=\"\" srcset=\"https:\/\/onecinema.de\/wp-content\/uploads\/2023\/12\/OneCinema-Cloud-1.png 673w, https:\/\/onecinema.de\/wp-content\/uploads\/2023\/12\/OneCinema-Cloud-1-500x360.png 500w, https:\/\/onecinema.de\/wp-content\/uploads\/2023\/12\/OneCinema-Cloud-1-18x12.png 18w\" sizes=\"(max-width: 640px) 100vw, 640px\" \/>\t\t\t\t\t\t\t\t\t\t\t\t\t\t\t<\/div>\n\t\t\t\t<\/div>\n\t\t\t\t<\/div>\n\t\t<div class=\"elementor-element elementor-element-cacf567 e-con-full e-flex e-con e-child\" data-id=\"cacf567\" data-element_type=\"container\" data-e-type=\"container\">\n\t\t\t\t<div class=\"elementor-element elementor-element-abd5719 elementor-widget elementor-widget-heading\" data-id=\"abd5719\" data-element_type=\"widget\" data-e-type=\"widget\" data-widget_type=\"heading.default\">\n\t\t\t\t<div class=\"elementor-widget-container\">\n\t\t\t\t\t<h1 class=\"elementor-heading-title elementor-size-default\">OneCinema Cloud<\/h1>\t\t\t\t<\/div>\n\t\t\t\t<\/div>\n\t\t\t\t<div class=\"elementor-element elementor-element-d86d04c elementor-widget elementor-widget-text-editor\" data-id=\"d86d04c\" data-element_type=\"widget\" data-e-type=\"widget\" data-widget_type=\"text-editor.default\">\n\t\t\t\t<div class=\"elementor-widget-container\">\n\t\t\t\t\t\t\t\t\t<p>OneCinema Cloud is specially designed for the needs of cinema circuits or operators of several sites. Here you can centrally control both the projection and digital signage of your sites.<\/p>\t\t\t\t\t\t\t\t<\/div>\n\t\t\t\t<\/div>\n\t\t\t\t<\/div>\n\t\t\t\t\t<\/div>\n\t\t\t\t<\/div>\n\t\t<div class=\"elementor-element elementor-element-92efd0c e-flex e-con-boxed e-con e-parent\" data-id=\"92efd0c\" data-element_type=\"container\" data-e-type=\"container\">\n\t\t\t\t\t<div class=\"e-con-inner\">\n\t\t\t\t<div class=\"elementor-element elementor-element-128a641 elementor-widget elementor-widget-spacer\" data-id=\"128a641\" data-element_type=\"widget\" data-e-type=\"widget\" data-widget_type=\"spacer.default\">\n\t\t\t\t<div class=\"elementor-widget-container\">\n\t\t\t\t\t\t\t<div class=\"elementor-spacer\">\n\t\t\t<div class=\"elementor-spacer-inner\"><\/div>\n\t\t<\/div>\n\t\t\t\t\t\t<\/div>\n\t\t\t\t<\/div>\n\t\t\t\t\t<\/div>\n\t\t\t\t<\/div>\n\t\t<div class=\"elementor-element elementor-element-b9992c1 e-flex e-con-boxed e-con e-parent\" data-id=\"b9992c1\" data-element_type=\"container\" data-e-type=\"container\">\n\t\t\t\t\t<div class=\"e-con-inner\">\n\t\t<div class=\"elementor-element elementor-element-1900ec7 e-con-full e-flex e-con e-child\" data-id=\"1900ec7\" data-element_type=\"container\" data-e-type=\"container\">\n\t\t\t\t<div class=\"elementor-element elementor-element-a5ac34a elementor-widget elementor-widget-heading\" data-id=\"a5ac34a\" data-element_type=\"widget\" data-e-type=\"widget\" data-widget_type=\"heading.default\">\n\t\t\t\t<div class=\"elementor-widget-container\">\n\t\t\t\t\t<h2 class=\"elementor-heading-title elementor-size-default\">Circuit Control<\/h2>\t\t\t\t<\/div>\n\t\t\t\t<\/div>\n\t\t\t\t<div class=\"elementor-element elementor-element-147d2c3 elementor-widget elementor-widget-text-editor\" data-id=\"147d2c3\" data-element_type=\"widget\" data-e-type=\"widget\" data-widget_type=\"text-editor.default\">\n\t\t\t\t<div class=\"elementor-widget-container\">\n\t\t\t\t\t\t\t\t\t<p>\u00a0Your most qualified employees have control of the systems at all cinema locations, ensuring consistent quality and all theaters benefit from the expertise of your specialists. This saves you a lot of working time, reduces errors and gives you a perfect overview of all processes in your sites at your headquarters.<\/p><p>In OneCinema Cloud - Circuit Control, data from all sites is aggregated and graphically processed to provide you with the basis for sound business decisions. Data from your POS system, such as tickets sold and turnover by visitors, films and tracks and concession turnover, are also clearly displayed here. Have you always been interested in the correlation between trailer views and number of visitors of a film? In OneCinema Cloud - Circuit Control you will find the answer.<\/p>\t\t\t\t\t\t\t\t<\/div>\n\t\t\t\t<\/div>\n\t\t\t\t<\/div>\n\t\t<div class=\"elementor-element elementor-element-98f6469 e-con-full e-flex e-con e-child\" data-id=\"98f6469\" data-element_type=\"container\" data-e-type=\"container\">\n\t\t\t\t<div class=\"elementor-element elementor-element-4275913 elementor-widget elementor-widget-image\" data-id=\"4275913\" data-element_type=\"widget\" data-e-type=\"widget\" data-widget_type=\"image.default\">\n\t\t\t\t<div class=\"elementor-widget-container\">\n\t\t\t\t\t\t\t\t\t\t\t\t\t\t\t<img decoding=\"async\" width=\"640\" height=\"384\" src=\"https:\/\/onecinema.de\/wp-content\/uploads\/2023\/12\/onecinema-laptop-1024x614.png\" class=\"attachment-large size-large wp-image-344\" alt=\"\" srcset=\"https:\/\/onecinema.de\/wp-content\/uploads\/2023\/12\/onecinema-laptop-1024x614.png 1024w, https:\/\/onecinema.de\/wp-content\/uploads\/2023\/12\/onecinema-laptop-500x300.png 500w, https:\/\/onecinema.de\/wp-content\/uploads\/2023\/12\/onecinema-laptop-768x461.png 768w, https:\/\/onecinema.de\/wp-content\/uploads\/2023\/12\/onecinema-laptop.png 1400w\" sizes=\"(max-width: 640px) 100vw, 640px\" \/>\t\t\t\t\t\t\t\t\t\t\t\t\t\t\t<\/div>\n\t\t\t\t<\/div>\n\t\t\t\t<\/div>\n\t\t\t\t\t<\/div>\n\t\t\t\t<\/div>\n\t\t<div class=\"elementor-element elementor-element-3b93aab e-flex e-con-boxed e-con e-parent\" data-id=\"3b93aab\" data-element_type=\"container\" data-e-type=\"container\">\n\t\t\t\t\t<div class=\"e-con-inner\">\n\t\t\t\t<div class=\"elementor-element elementor-element-a69adb2 elementor-widget elementor-widget-spacer\" data-id=\"a69adb2\" data-element_type=\"widget\" data-e-type=\"widget\" data-widget_type=\"spacer.default\">\n\t\t\t\t<div class=\"elementor-widget-container\">\n\t\t\t\t\t\t\t<div class=\"elementor-spacer\">\n\t\t\t<div class=\"elementor-spacer-inner\"><\/div>\n\t\t<\/div>\n\t\t\t\t\t\t<\/div>\n\t\t\t\t<\/div>\n\t\t\t\t\t<\/div>\n\t\t\t\t<\/div>\n\t\t<div class=\"elementor-element elementor-element-0f4665b e-flex e-con-boxed e-con e-parent\" data-id=\"0f4665b\" data-element_type=\"container\" data-e-type=\"container\">\n\t\t\t\t\t<div class=\"e-con-inner\">\n\t\t<div class=\"elementor-element elementor-element-b4c3d59 e-con-full e-flex e-con e-child\" data-id=\"b4c3d59\" data-element_type=\"container\" data-e-type=\"container\">\n\t\t\t\t<\/div>\n\t\t<div class=\"elementor-element elementor-element-4da33fe e-con-full e-flex e-con e-child\" data-id=\"4da33fe\" data-element_type=\"container\" data-e-type=\"container\">\n\t\t\t\t<div class=\"elementor-element elementor-element-6800c61 elementor-widget elementor-widget-heading\" data-id=\"6800c61\" data-element_type=\"widget\" data-e-type=\"widget\" data-widget_type=\"heading.default\">\n\t\t\t\t<div class=\"elementor-widget-container\">\n\t\t\t\t\t<h2 class=\"elementor-heading-title elementor-size-default\">Bundling Competencies. \nGaining Overview. \nIncreasing Quality.<\/h2>\t\t\t\t<\/div>\n\t\t\t\t<\/div>\n\t\t\t\t<div class=\"elementor-element elementor-element-0325349 elementor-widget elementor-widget-text-editor\" data-id=\"0325349\" data-element_type=\"widget\" data-e-type=\"widget\" data-widget_type=\"text-editor.default\">\n\t\t\t\t<div class=\"elementor-widget-container\">\n\t\t\t\t\t\t\t\t\t<p>The\u00a0<strong>cloud-based central administration for Theater Management and Digital Signage\u00a0<\/strong>is perfect for the operation of several sites and multi-level company hierarchies. Dedicated rights management for users and user groups is available to you. Via your web browser you log in securely to the German OneCinema data center and take control of important key functions of OneCinema Theater Management and OneCinema Digital Signage from the company's headquarters or anywhere in the world.<\/p>\t\t\t\t\t\t\t\t<\/div>\n\t\t\t\t<\/div>\n\t\t\t\t<\/div>\n\t\t\t\t\t<\/div>\n\t\t\t\t<\/div>\n\t\t<div class=\"elementor-element elementor-element-faa0955 e-flex e-con-boxed e-con e-parent\" data-id=\"faa0955\" data-element_type=\"container\" data-e-type=\"container\">\n\t\t\t\t\t<div class=\"e-con-inner\">\n\t\t<div class=\"elementor-element elementor-element-1dbab18 e-con-full e-flex e-con e-child\" data-id=\"1dbab18\" data-element_type=\"container\" data-e-type=\"container\">\n\t\t\t\t<div class=\"elementor-element elementor-element-2ac9c33 elementor-widget elementor-widget-text-editor\" data-id=\"2ac9c33\" data-element_type=\"widget\" data-e-type=\"widget\" data-widget_type=\"text-editor.default\">\n\t\t\t\t<div class=\"elementor-widget-container\">\n\t\t\t\t\t\t\t\t\t<p><strong>Better overview of all sites.<\/strong>\u00a0In the notification center you receive warnings and info messages from all of your cinema sites in one central place. Numerous filters and tags provide you with a good overview.<\/p><p><strong>Graphical analysis of your trailering and your visitor and revenue data<\/strong>\u00a0support you in making smart business decisions. Which trailer has been seen by how many visitors at which site and how many visitors did you attract with it? How is the film performing in which track and when is it time to switch to a smaller auditorium? These and many more answers can be found in our KPI dashboard. You can design it yourself and display widgets and graphics that contain the KPIs which are important for you.<\/p>\t\t\t\t\t\t\t\t<\/div>\n\t\t\t\t<\/div>\n\t\t\t\t<\/div>\n\t\t<div class=\"elementor-element elementor-element-2443b96 e-con-full e-flex e-con e-child\" data-id=\"2443b96\" data-element_type=\"container\" data-e-type=\"container\">\n\t\t\t\t<div class=\"elementor-element elementor-element-063f988 elementor-widget elementor-widget-image\" data-id=\"063f988\" data-element_type=\"widget\" data-e-type=\"widget\" data-widget_type=\"image.default\">\n\t\t\t\t<div class=\"elementor-widget-container\">\n\t\t\t\t\t\t\t\t\t\t\t\t\t\t\t<img decoding=\"async\" width=\"433\" height=\"500\" src=\"https:\/\/onecinema.de\/wp-content\/uploads\/2023\/12\/signet-433x500.png\" class=\"attachment-medium size-medium wp-image-209\" alt=\"\" srcset=\"https:\/\/onecinema.de\/wp-content\/uploads\/2023\/12\/signet-433x500.png 433w, https:\/\/onecinema.de\/wp-content\/uploads\/2023\/12\/signet-887x1024.png 887w, https:\/\/onecinema.de\/wp-content\/uploads\/2023\/12\/signet-768x886.png 768w, https:\/\/onecinema.de\/wp-content\/uploads\/2023\/12\/signet.png 915w\" sizes=\"(max-width: 433px) 100vw, 433px\" \/>\t\t\t\t\t\t\t\t\t\t\t\t\t\t\t<\/div>\n\t\t\t\t<\/div>\n\t\t\t\t<\/div>\n\t\t\t\t\t<\/div>\n\t\t\t\t<\/div>\n\t\t<div class=\"elementor-element elementor-element-f408889 e-flex e-con-boxed e-con e-parent\" data-id=\"f408889\" data-element_type=\"container\" data-e-type=\"container\">\n\t\t\t\t\t<div class=\"e-con-inner\">\n\t\t<div class=\"elementor-element elementor-element-ece3d64 e-con-full e-flex e-con e-child\" data-id=\"ece3d64\" data-element_type=\"container\" data-e-type=\"container\">\n\t\t\t\t<\/div>\n\t\t<div class=\"elementor-element elementor-element-e993fcd e-con-full e-flex e-con e-child\" data-id=\"e993fcd\" data-element_type=\"container\" data-e-type=\"container\">\n\t\t\t\t<div class=\"elementor-element elementor-element-2704f87 elementor-widget elementor-widget-text-editor\" data-id=\"2704f87\" data-element_type=\"widget\" data-e-type=\"widget\" data-widget_type=\"text-editor.default\">\n\t\t\t\t<div class=\"elementor-widget-container\">\n\t\t\t\t\t\t\t\t\t<p>The\u00a0<strong>playlists for your shows and your digital signage can be created in one place<\/strong>, giving you a better overview of your film marketing across all sites. Your team can take care of weekly tasks from one central location in a fraction of the time. This way you can create the screen pre-show for hundreds of screens within only a few hours.<\/p><p><strong>Central cloud-based content distribution.<\/strong>\u00a0Content for the screen pre-show or the signage system can be imported into the OneCinema Cloud - Circuit Control. As soon as the content has been scheduled in a show or the digital signage, the content is automatically transmitted to the cinemas and distributed in the cinema network. This means that content can be played out in no time and can be changed or updated with very little effort. The content is only transmitted to the sites for which it has been scheduled - this prevents unnecessary traffic and saves storage space in each site.<\/p><p><strong>Centralized and decentralized working.<\/strong>\u00a0Depending on the level of authorization, not only the head office but also employees at all sites can import and schedule content. This gives you total flexibility and you can optimally map your workflow and processes in the system.<\/p>\t\t\t\t\t\t\t\t<\/div>\n\t\t\t\t<\/div>\n\t\t\t\t<\/div>\n\t\t\t\t\t<\/div>\n\t\t\t\t<\/div>\n\t\t\t\t<\/div>","protected":false},"excerpt":{"rendered":"<p>Eine Plattform. Eine Bedienoberfl\u00e4che. Vollst\u00e4ndige Kontrolle \u00fcber Kinoabl\u00e4ufe. Eine zentrale Cloud-Plattform f\u00fcr moderne Kinos Was ist neu? OneCinema Cloud OneCinema Cloud ist speziell f\u00fcr die Bed\u00fcrfnisse von Kinoketten oder Betreiber mehrerer Kinos ausgelegt. Hier k\u00f6nnen Sie sowohl die Projektion als auch das Digital Signage Ihrer Standorte zentral steuern. Zentrale Steuerung \u00a0Ihre qualifiziertesten Mitarbeiter haben die [&hellip;]<\/p>\n","protected":false},"author":3,"featured_media":0,"parent":289,"menu_order":5,"comment_status":"closed","ping_status":"closed","template":"","meta":{"footnotes":""},"class_list":["post-291","page","type-page","status-publish","hentry"],"yoast_head":"<!-- This site is optimized with the Yoast SEO plugin v27.4 - https:\/\/yoast.com\/product\/yoast-seo-wordpress\/ -->\n<title>OneCinema Cloud - OneCinema<\/title>\n<meta name=\"robots\" content=\"index, follow, max-snippet:-1, max-image-preview:large, max-video-preview:-1\" \/>\n<link rel=\"canonical\" href=\"https:\/\/onecinema.de\/en\/produkte\/onecinema-cloud\/\" \/>\n<meta property=\"og:locale\" content=\"en_US\" \/>\n<meta property=\"og:type\" content=\"article\" \/>\n<meta property=\"og:title\" content=\"OneCinema Cloud - OneCinema\" \/>\n<meta property=\"og:description\" content=\"Eine Plattform. Eine Bedienoberfl\u00e4che. Vollst\u00e4ndige Kontrolle \u00fcber Kinoabl\u00e4ufe. Eine zentrale Cloud-Plattform f\u00fcr moderne Kinos Was ist neu? OneCinema Cloud OneCinema Cloud ist speziell f\u00fcr die Bed\u00fcrfnisse von Kinoketten oder Betreiber mehrerer Kinos ausgelegt. Hier k\u00f6nnen Sie sowohl die Projektion als auch das Digital Signage Ihrer Standorte zentral steuern. Zentrale Steuerung \u00a0Ihre qualifiziertesten Mitarbeiter haben die [&hellip;]\" \/>\n<meta property=\"og:url\" content=\"https:\/\/onecinema.de\/en\/produkte\/onecinema-cloud\/\" \/>\n<meta property=\"og:site_name\" content=\"OneCinema\" \/>\n<meta property=\"article:modified_time\" content=\"2026-01-14T08:51:30+00:00\" \/>\n<meta property=\"og:image\" content=\"https:\/\/onecinema.de\/wp-content\/uploads\/2023\/12\/OneCinema-Cloud-1.png\" \/>\n\t<meta property=\"og:image:width\" content=\"673\" \/>\n\t<meta property=\"og:image:height\" content=\"485\" \/>\n\t<meta property=\"og:image:type\" content=\"image\/png\" \/>\n<meta name=\"twitter:card\" content=\"summary_large_image\" \/>\n<meta name=\"twitter:label1\" content=\"Est. reading time\" \/>\n\t<meta name=\"twitter:data1\" content=\"4 minutes\" \/>\n<script type=\"application\/ld+json\" class=\"yoast-schema-graph\">{\"@context\":\"https:\\\/\\\/schema.org\",\"@graph\":[{\"@type\":\"WebPage\",\"@id\":\"https:\\\/\\\/onecinema.de\\\/produkte\\\/onecinema-cloud\\\/\",\"url\":\"https:\\\/\\\/onecinema.de\\\/produkte\\\/onecinema-cloud\\\/\",\"name\":\"OneCinema Cloud - OneCinema\",\"isPartOf\":{\"@id\":\"https:\\\/\\\/onecinema.de\\\/#website\"},\"primaryImageOfPage\":{\"@id\":\"https:\\\/\\\/onecinema.de\\\/produkte\\\/onecinema-cloud\\\/#primaryimage\"},\"image\":{\"@id\":\"https:\\\/\\\/onecinema.de\\\/produkte\\\/onecinema-cloud\\\/#primaryimage\"},\"thumbnailUrl\":\"https:\\\/\\\/onecinema.de\\\/wp-content\\\/uploads\\\/2023\\\/12\\\/OneCinema-Cloud-1.png\",\"datePublished\":\"2023-12-07T13:30:23+00:00\",\"dateModified\":\"2026-01-14T08:51:30+00:00\",\"breadcrumb\":{\"@id\":\"https:\\\/\\\/onecinema.de\\\/produkte\\\/onecinema-cloud\\\/#breadcrumb\"},\"inLanguage\":\"en-US\",\"potentialAction\":[{\"@type\":\"ReadAction\",\"target\":[\"https:\\\/\\\/onecinema.de\\\/produkte\\\/onecinema-cloud\\\/\"]}]},{\"@type\":\"ImageObject\",\"inLanguage\":\"en-US\",\"@id\":\"https:\\\/\\\/onecinema.de\\\/produkte\\\/onecinema-cloud\\\/#primaryimage\",\"url\":\"https:\\\/\\\/onecinema.de\\\/wp-content\\\/uploads\\\/2023\\\/12\\\/OneCinema-Cloud-1.png\",\"contentUrl\":\"https:\\\/\\\/onecinema.de\\\/wp-content\\\/uploads\\\/2023\\\/12\\\/OneCinema-Cloud-1.png\"},{\"@type\":\"BreadcrumbList\",\"@id\":\"https:\\\/\\\/onecinema.de\\\/produkte\\\/onecinema-cloud\\\/#breadcrumb\",\"itemListElement\":[{\"@type\":\"ListItem\",\"position\":1,\"name\":\"Startseite\",\"item\":\"https:\\\/\\\/onecinema.de\\\/\"},{\"@type\":\"ListItem\",\"position\":2,\"name\":\"Produkte\",\"item\":\"https:\\\/\\\/onecinema.de\\\/produkte\\\/\"},{\"@type\":\"ListItem\",\"position\":3,\"name\":\"OneCinema Cloud\"}]},{\"@type\":\"WebSite\",\"@id\":\"https:\\\/\\\/onecinema.de\\\/#website\",\"url\":\"https:\\\/\\\/onecinema.de\\\/\",\"name\":\"OneCinema\",\"description\":\"Focus on Entertainment\",\"potentialAction\":[{\"@type\":\"SearchAction\",\"target\":{\"@type\":\"EntryPoint\",\"urlTemplate\":\"https:\\\/\\\/onecinema.de\\\/?s={search_term_string}\"},\"query-input\":{\"@type\":\"PropertyValueSpecification\",\"valueRequired\":true,\"valueName\":\"search_term_string\"}}],\"inLanguage\":\"en-US\"}]}<\/script>\n<!-- \/ Yoast SEO plugin. -->","yoast_head_json":{"title":"OneCinema Cloud - OneCinema","robots":{"index":"index","follow":"follow","max-snippet":"max-snippet:-1","max-image-preview":"max-image-preview:large","max-video-preview":"max-video-preview:-1"},"canonical":"https:\/\/onecinema.de\/en\/produkte\/onecinema-cloud\/","og_locale":"en_US","og_type":"article","og_title":"OneCinema Cloud - OneCinema","og_description":"Eine Plattform. Eine Bedienoberfl\u00e4che. Vollst\u00e4ndige Kontrolle \u00fcber Kinoabl\u00e4ufe. Eine zentrale Cloud-Plattform f\u00fcr moderne Kinos Was ist neu? OneCinema Cloud OneCinema Cloud ist speziell f\u00fcr die Bed\u00fcrfnisse von Kinoketten oder Betreiber mehrerer Kinos ausgelegt. Hier k\u00f6nnen Sie sowohl die Projektion als auch das Digital Signage Ihrer Standorte zentral steuern. Zentrale Steuerung \u00a0Ihre qualifiziertesten Mitarbeiter haben die [&hellip;]","og_url":"https:\/\/onecinema.de\/en\/produkte\/onecinema-cloud\/","og_site_name":"OneCinema","article_modified_time":"2026-01-14T08:51:30+00:00","og_image":[{"width":673,"height":485,"url":"https:\/\/onecinema.de\/wp-content\/uploads\/2023\/12\/OneCinema-Cloud-1.png","type":"image\/png"}],"twitter_card":"summary_large_image","twitter_misc":{"Est. reading time":"4 minutes"},"schema":{"@context":"https:\/\/schema.org","@graph":[{"@type":"WebPage","@id":"https:\/\/onecinema.de\/produkte\/onecinema-cloud\/","url":"https:\/\/onecinema.de\/produkte\/onecinema-cloud\/","name":"OneCinema Cloud - OneCinema","isPartOf":{"@id":"https:\/\/onecinema.de\/#website"},"primaryImageOfPage":{"@id":"https:\/\/onecinema.de\/produkte\/onecinema-cloud\/#primaryimage"},"image":{"@id":"https:\/\/onecinema.de\/produkte\/onecinema-cloud\/#primaryimage"},"thumbnailUrl":"https:\/\/onecinema.de\/wp-content\/uploads\/2023\/12\/OneCinema-Cloud-1.png","datePublished":"2023-12-07T13:30:23+00:00","dateModified":"2026-01-14T08:51:30+00:00","breadcrumb":{"@id":"https:\/\/onecinema.de\/produkte\/onecinema-cloud\/#breadcrumb"},"inLanguage":"en-US","potentialAction":[{"@type":"ReadAction","target":["https:\/\/onecinema.de\/produkte\/onecinema-cloud\/"]}]},{"@type":"ImageObject","inLanguage":"en-US","@id":"https:\/\/onecinema.de\/produkte\/onecinema-cloud\/#primaryimage","url":"https:\/\/onecinema.de\/wp-content\/uploads\/2023\/12\/OneCinema-Cloud-1.png","contentUrl":"https:\/\/onecinema.de\/wp-content\/uploads\/2023\/12\/OneCinema-Cloud-1.png"},{"@type":"BreadcrumbList","@id":"https:\/\/onecinema.de\/produkte\/onecinema-cloud\/#breadcrumb","itemListElement":[{"@type":"ListItem","position":1,"name":"Startseite","item":"https:\/\/onecinema.de\/"},{"@type":"ListItem","position":2,"name":"Produkte","item":"https:\/\/onecinema.de\/produkte\/"},{"@type":"ListItem","position":3,"name":"OneCinema Cloud"}]},{"@type":"WebSite","@id":"https:\/\/onecinema.de\/#website","url":"https:\/\/onecinema.de\/","name":"OneCinema","description":"Focus on Entertainment","potentialAction":[{"@type":"SearchAction","target":{"@type":"EntryPoint","urlTemplate":"https:\/\/onecinema.de\/?s={search_term_string}"},"query-input":{"@type":"PropertyValueSpecification","valueRequired":true,"valueName":"search_term_string"}}],"inLanguage":"en-US"}]}},"_links":{"self":[{"href":"https:\/\/onecinema.de\/en\/wp-json\/wp\/v2\/pages\/291","targetHints":{"allow":["GET"]}}],"collection":[{"href":"https:\/\/onecinema.de\/en\/wp-json\/wp\/v2\/pages"}],"about":[{"href":"https:\/\/onecinema.de\/en\/wp-json\/wp\/v2\/types\/page"}],"author":[{"embeddable":true,"href":"https:\/\/onecinema.de\/en\/wp-json\/wp\/v2\/users\/3"}],"replies":[{"embeddable":true,"href":"https:\/\/onecinema.de\/en\/wp-json\/wp\/v2\/comments?post=291"}],"version-history":[{"count":3,"href":"https:\/\/onecinema.de\/en\/wp-json\/wp\/v2\/pages\/291\/revisions"}],"predecessor-version":[{"id":3641,"href":"https:\/\/onecinema.de\/en\/wp-json\/wp\/v2\/pages\/291\/revisions\/3641"}],"up":[{"embeddable":true,"href":"https:\/\/onecinema.de\/en\/wp-json\/wp\/v2\/pages\/289"}],"wp:attachment":[{"href":"https:\/\/onecinema.de\/en\/wp-json\/wp\/v2\/media?parent=291"}],"curies":[{"name":"wp","href":"https:\/\/api.w.org\/{rel}","templated":true}]}}