{"id":538,"date":"2023-12-07T15:18:23","date_gmt":"2023-12-07T15:18:23","guid":{"rendered":"http:\/\/onecinema.de\/?page_id=538"},"modified":"2025-11-24T10:54:04","modified_gmt":"2025-11-24T09:54:04","slug":"ueber-uns","status":"publish","type":"page","link":"https:\/\/onecinema.de\/en\/ueber-uns\/","title":{"rendered":"About us"},"content":{"rendered":"<div data-elementor-type=\"wp-page\" data-elementor-id=\"538\" class=\"elementor elementor-538\" data-elementor-post-type=\"page\">\n\t\t\t\t<div class=\"elementor-element elementor-element-b4b6a15 e-con-full e-flex e-con e-parent\" data-id=\"b4b6a15\" data-element_type=\"container\" data-e-type=\"container\">\n\t\t\t\t<div class=\"elementor-element elementor-element-16d5da7 elementor--v-position-bottom customheader elementor--h-position-center elementor-widget elementor-widget-slides\" data-id=\"16d5da7\" data-element_type=\"widget\" data-e-type=\"widget\" data-settings=\"{&quot;navigation&quot;:&quot;none&quot;,&quot;transition&quot;:&quot;fade&quot;,&quot;autoplay&quot;:&quot;yes&quot;,&quot;pause_on_hover&quot;:&quot;yes&quot;,&quot;pause_on_interaction&quot;:&quot;yes&quot;,&quot;autoplay_speed&quot;:5000,&quot;infinite&quot;:&quot;yes&quot;,&quot;transition_speed&quot;:500}\" data-widget_type=\"slides.default\">\n\t\t\t\t<div class=\"elementor-widget-container\">\n\t\t\t\t\t\t\t\t\t<div class=\"elementor-swiper\">\n\t\t\t\t\t<div class=\"elementor-slides-wrapper elementor-main-swiper swiper\" role=\"region\" aria-roledescription=\"carousel\" aria-label=\"Slider\" dir=\"ltr\" data-animation=\"\">\n\t\t\t\t<div class=\"swiper-wrapper elementor-slides\">\n\t\t\t\t\t\t\t\t\t\t<div class=\"elementor-repeater-item-5413e33 swiper-slide\" role=\"group\" aria-roledescription=\"slide\"><div class=\"swiper-slide-bg\" role=\"img\" aria-label=\"onecinema-header-master-1920x1080_01\"><\/div><div class=\"swiper-slide-inner\" ><div class=\"swiper-slide-contents\"><div class=\"elementor-slide-heading\">Focus on<br>Entertainment.<\/div><div class=\"elementor-slide-description\"><p>OneCinema grows beyond borders<\/p><\/div><a href=\"https:\/\/onecinema.de\/en\/news\/\" class=\"elementor-button elementor-slide-button elementor-size-sm\">What's New?<\/a><\/div><\/div><\/div>\t\t\t\t<\/div>\n\t\t\t\t\t\t\t<\/div>\n\t\t\t\t<\/div>\n\t\t\t\t\t\t\t\t<\/div>\n\t\t\t\t<\/div>\n\t\t\t\t<\/div>\n\t\t<div class=\"elementor-element elementor-element-9cdac92 e-flex e-con-boxed e-con e-parent\" data-id=\"9cdac92\" data-element_type=\"container\" data-e-type=\"container\">\n\t\t\t\t\t<div class=\"e-con-inner\">\n\t\t\t\t<div class=\"elementor-element elementor-element-26eb8b0 elementor-widget elementor-widget-spacer\" data-id=\"26eb8b0\" data-element_type=\"widget\" data-e-type=\"widget\" data-widget_type=\"spacer.default\">\n\t\t\t\t<div class=\"elementor-widget-container\">\n\t\t\t\t\t\t\t<div class=\"elementor-spacer\">\n\t\t\t<div class=\"elementor-spacer-inner\"><\/div>\n\t\t<\/div>\n\t\t\t\t\t\t<\/div>\n\t\t\t\t<\/div>\n\t\t\t\t\t<\/div>\n\t\t\t\t<\/div>\n\t\t<div class=\"elementor-element elementor-element-d7f891b e-flex e-con-boxed e-con e-parent\" data-id=\"d7f891b\" data-element_type=\"container\" data-e-type=\"container\">\n\t\t\t\t\t<div class=\"e-con-inner\">\n\t\t<div class=\"elementor-element elementor-element-948efcf e-con-full e-flex e-con e-child\" data-id=\"948efcf\" data-element_type=\"container\" data-e-type=\"container\">\n\t\t\t\t<div class=\"elementor-element elementor-element-9360f2b elementor-widget elementor-widget-heading\" data-id=\"9360f2b\" data-element_type=\"widget\" data-e-type=\"widget\" data-widget_type=\"heading.default\">\n\t\t\t\t<div class=\"elementor-widget-container\">\n\t\t\t\t\t<h1 class=\"elementor-heading-title elementor-size-default\">About Us<\/h1>\t\t\t\t<\/div>\n\t\t\t\t<\/div>\n\t\t\t\t<div class=\"elementor-element elementor-element-147c8a2 elementor-widget elementor-widget-text-editor\" data-id=\"147c8a2\" data-element_type=\"widget\" data-e-type=\"widget\" data-widget_type=\"text-editor.default\">\n\t\t\t\t<div class=\"elementor-widget-container\">\n\t\t\t\t\t\t\t\t\t<p>We develop software for the cinema industry. Our customers are the operators of cinemas and cinema circuits. Our software simplifies and automates operating processes and workflows. It monitors operations, increases operational reliability and provides cinema management with modern marketing tools for the screen and the foyer. Here you can find out how we think and operate and how our company has developed.<\/p>\t\t\t\t\t\t\t\t<\/div>\n\t\t\t\t<\/div>\n\t\t\t\t<\/div>\n\t\t<div class=\"elementor-element elementor-element-b7fa1c6 e-con-full e-flex e-con e-child\" data-id=\"b7fa1c6\" data-element_type=\"container\" data-e-type=\"container\">\n\t\t\t\t<\/div>\n\t\t\t\t\t<\/div>\n\t\t\t\t<\/div>\n\t\t<div class=\"elementor-element elementor-element-af7d730 e-flex e-con-boxed e-con e-parent\" data-id=\"af7d730\" data-element_type=\"container\" data-e-type=\"container\">\n\t\t\t\t\t<div class=\"e-con-inner\">\n\t\t\t\t<div class=\"elementor-element elementor-element-ac235fb elementor-widget elementor-widget-spacer\" data-id=\"ac235fb\" data-element_type=\"widget\" data-e-type=\"widget\" data-widget_type=\"spacer.default\">\n\t\t\t\t<div class=\"elementor-widget-container\">\n\t\t\t\t\t\t\t<div class=\"elementor-spacer\">\n\t\t\t<div class=\"elementor-spacer-inner\"><\/div>\n\t\t<\/div>\n\t\t\t\t\t\t<\/div>\n\t\t\t\t<\/div>\n\t\t\t\t\t<\/div>\n\t\t\t\t<\/div>\n\t\t<div class=\"elementor-element elementor-element-c3f5956 e-flex e-con-boxed e-con e-parent\" data-id=\"c3f5956\" data-element_type=\"container\" data-e-type=\"container\">\n\t\t\t\t\t<div class=\"e-con-inner\">\n\t\t<div class=\"elementor-element elementor-element-66d6943 e-con-full e-flex e-con e-child\" data-id=\"66d6943\" data-element_type=\"container\" data-e-type=\"container\">\n\t\t\t\t<\/div>\n\t\t<div class=\"elementor-element elementor-element-6bb0779 e-con-full e-flex e-con e-child\" data-id=\"6bb0779\" data-element_type=\"container\" data-e-type=\"container\">\n\t\t\t\t<div class=\"elementor-element elementor-element-388cf64 elementor-widget elementor-widget-heading\" data-id=\"388cf64\" data-element_type=\"widget\" data-e-type=\"widget\" data-widget_type=\"heading.default\">\n\t\t\t\t<div class=\"elementor-widget-container\">\n\t\t\t\t\t<h2 class=\"elementor-heading-title elementor-size-default\">We do not Develop for Ourselves, but for Our Customers<\/h2>\t\t\t\t<\/div>\n\t\t\t\t<\/div>\n\t\t\t\t<div class=\"elementor-element elementor-element-16dd674 elementor-widget elementor-widget-text-editor\" data-id=\"16dd674\" data-element_type=\"widget\" data-e-type=\"widget\" data-widget_type=\"text-editor.default\">\n\t\t\t\t<div class=\"elementor-widget-container\">\n\t\t\t\t\t\t\t\t\t<p>Our Cinema Solutions Limited structure was founded in 2012 as a spin-off of the EIKONA Group. 4 years later we were the market leader in Germany in the TMS sector. As a complete industry newcomer, we were only able to achieve this thanks to an extremely close cooperation with our first customers. As the sole TMS manufacturer from Germany, we developed our systems from the very beginning according to the requirements and wishes of cinema operators.<\/p><p>We gratefully uphold these strong partnerships to this day. We gladly take any feedback from our customers, as this enables us to improve our software even more and to adapt it continuously to changing market requirements. This philosophy has again helped us a lot when we entered the Swiss market in 2014. We were able to integrate special features, such as the three language regions with different release times for films, into our software in a very short time. This and appreciation for our highly praised support made us the market leader in Switzerland within 3 years.<\/p>\t\t\t\t\t\t\t\t<\/div>\n\t\t\t\t<\/div>\n\t\t\t\t<\/div>\n\t\t<div class=\"elementor-element elementor-element-431c029 e-con-full e-flex e-con e-child\" data-id=\"431c029\" data-element_type=\"container\" data-e-type=\"container\">\n\t\t\t\t<\/div>\n\t\t\t\t\t<\/div>\n\t\t\t\t<\/div>\n\t\t<div class=\"elementor-element elementor-element-c1e69f6 e-flex e-con-boxed e-con e-parent\" data-id=\"c1e69f6\" data-element_type=\"container\" data-e-type=\"container\">\n\t\t\t\t\t<div class=\"e-con-inner\">\n\t\t<div class=\"elementor-element elementor-element-17361e4 e-con-full e-flex e-con e-child\" data-id=\"17361e4\" data-element_type=\"container\" data-e-type=\"container\">\n\t\t\t\t<div class=\"elementor-element elementor-element-7686c4b elementor-widget elementor-widget-image\" data-id=\"7686c4b\" data-element_type=\"widget\" data-e-type=\"widget\" data-widget_type=\"image.default\">\n\t\t\t\t<div class=\"elementor-widget-container\">\n\t\t\t\t\t\t\t\t\t\t\t\t\t\t\t<img fetchpriority=\"high\" decoding=\"async\" width=\"640\" height=\"739\" src=\"https:\/\/onecinema.de\/wp-content\/uploads\/2023\/12\/signet-887x1024.png\" class=\"attachment-large size-large wp-image-209\" alt=\"\" srcset=\"https:\/\/onecinema.de\/wp-content\/uploads\/2023\/12\/signet-887x1024.png 887w, https:\/\/onecinema.de\/wp-content\/uploads\/2023\/12\/signet-433x500.png 433w, https:\/\/onecinema.de\/wp-content\/uploads\/2023\/12\/signet-768x886.png 768w, https:\/\/onecinema.de\/wp-content\/uploads\/2023\/12\/signet.png 915w\" sizes=\"(max-width: 640px) 100vw, 640px\" \/>\t\t\t\t\t\t\t\t\t\t\t\t\t\t\t<\/div>\n\t\t\t\t<\/div>\n\t\t\t\t<\/div>\n\t\t<div class=\"elementor-element elementor-element-1128d98 e-con-full e-flex e-con e-child\" data-id=\"1128d98\" data-element_type=\"container\" data-e-type=\"container\">\n\t\t\t\t<div class=\"elementor-element elementor-element-47a6863 elementor-widget elementor-widget-heading\" data-id=\"47a6863\" data-element_type=\"widget\" data-e-type=\"widget\" data-widget_type=\"heading.default\">\n\t\t\t\t<div class=\"elementor-widget-container\">\n\t\t\t\t\t<h2 class=\"elementor-heading-title elementor-size-default\">If You don't Go Forward, You Go Backward.<\/h2>\t\t\t\t<\/div>\n\t\t\t\t<\/div>\n\t\t\t\t<div class=\"elementor-element elementor-element-6b4bf01 elementor-widget elementor-widget-text-editor\" data-id=\"6b4bf01\" data-element_type=\"widget\" data-e-type=\"widget\" data-widget_type=\"text-editor.default\">\n\t\t\t\t<div class=\"elementor-widget-container\">\n\t\t\t\t\t\t\t\t\t<p>Modern software architectures are the basis for us to develop modern systems, which work stable and reliable in the backend and offer the operator a modern user experience in the frontend. Within 8 years we are currently changing to the third software architecture in order to network our systems even more in depth in a central cloud system.<\/p><p>Our software is therefore constantly kept up to date with the latest technology and is continuously developed further in terms of functions and user-friendliness. All our customers receive a free overnight update to their systems approximately four times a year.<\/p><p>After our initial product TMS, we have added another module to our product range every 2 years. We now offer Digital Signage, Automation &amp; Monitoring, a Circuit Control System for cinema chains and a Scheduling &amp; Billing tool. We work on this constant improvement of existing products and the realization of new ones with 10 of our own developers at the beautiful Mainschleife in the north of Bavaria. After our software has been available in 3 languages since 2018, we are now looking forward to partnerships outside the GSA market.<\/p>\t\t\t\t\t\t\t\t<\/div>\n\t\t\t\t<\/div>\n\t\t\t\t<\/div>\n\t\t\t\t\t<\/div>\n\t\t\t\t<\/div>\n\t\t<div class=\"elementor-element elementor-element-1bed5c4 e-flex e-con-boxed e-con e-parent\" data-id=\"1bed5c4\" data-element_type=\"container\" data-e-type=\"container\">\n\t\t\t\t\t<div class=\"e-con-inner\">\n\t\t<div class=\"elementor-element elementor-element-088c244 e-con-full e-flex e-con e-child\" data-id=\"088c244\" data-element_type=\"container\" data-e-type=\"container\">\n\t\t\t\t<div class=\"elementor-element elementor-element-41cbaef elementor-widget elementor-widget-heading\" data-id=\"41cbaef\" data-element_type=\"widget\" data-e-type=\"widget\" data-widget_type=\"heading.default\">\n\t\t\t\t<div class=\"elementor-widget-container\">\n\t\t\t\t\t<h2 class=\"elementor-heading-title elementor-size-default\">Interfaces, System Compatibility and a Dedicated Support are Essential<\/h2>\t\t\t\t<\/div>\n\t\t\t\t<\/div>\n\t\t\t\t<div class=\"elementor-element elementor-element-dd43212 elementor-widget elementor-widget-text-editor\" data-id=\"dd43212\" data-element_type=\"widget\" data-e-type=\"widget\" data-widget_type=\"text-editor.default\">\n\t\t\t\t<div class=\"elementor-widget-container\">\n\t\t\t\t\t\t\t\t\t<p>Interfaces to the cinema hardware and to the software of other service providers are important in order to reach synergy effects and ensure smooth operation. We understand the importance of quickly interfacing new systems and technologies. For example, we were the first provider in Europe to connect the new Samsung Onyx LED screens. We are also always one of the first to integrate national interfaces such as Weischer.play, TrailerApp and Cinuru.<\/p><p>Excellent after sales support is the basis for a long-term business relationship for us. This keeps us close to our customers and partners. That helps everyone and makes everyone happy - customers, partners and us.<\/p>\t\t\t\t\t\t\t\t<\/div>\n\t\t\t\t<\/div>\n\t\t\t\t<\/div>\n\t\t<div class=\"elementor-element elementor-element-34e7c7c e-con-full e-flex e-con e-child\" data-id=\"34e7c7c\" data-element_type=\"container\" data-e-type=\"container\">\n\t\t\t\t<\/div>\n\t\t\t\t\t<\/div>\n\t\t\t\t<\/div>\n\t\t\t\t<\/div>","protected":false},"excerpt":{"rendered":"<p>Focus onEntertainment. OneCinema w\u00e4chst \u00fcber Grenzen hinaus. What&#8217;s new? Wir \u00fcber uns Wir entwickeln Software f\u00fcr die Kinobranche. Unsere Kunden sind die Betreiber von Kinos und Kinoketten. Unsere Software vereinfacht und automatisiert Betriebsprozesse und Arbeitsabl\u00e4ufe. Sie \u00fcberwacht den Spielbetrieb, erh\u00f6ht die Betriebssicherheit und gibt Kinobetreibern moderne Vermarktungstools f\u00fcr die Leinwand und das Foyer an die [&hellip;]<\/p>\n","protected":false},"author":3,"featured_media":0,"parent":0,"menu_order":11,"comment_status":"closed","ping_status":"closed","template":"","meta":{"footnotes":""},"class_list":["post-538","page","type-page","status-publish","hentry"],"yoast_head":"<!-- This site is optimized with the Yoast SEO plugin v27.4 - https:\/\/yoast.com\/product\/yoast-seo-wordpress\/ -->\n<title>\u00dcber uns - OneCinema<\/title>\n<meta name=\"robots\" content=\"index, follow, max-snippet:-1, max-image-preview:large, max-video-preview:-1\" \/>\n<link rel=\"canonical\" href=\"https:\/\/onecinema.de\/en\/ueber-uns\/\" \/>\n<meta property=\"og:locale\" content=\"en_US\" \/>\n<meta property=\"og:type\" content=\"article\" \/>\n<meta property=\"og:title\" content=\"\u00dcber uns - OneCinema\" \/>\n<meta property=\"og:description\" content=\"Focus onEntertainment. OneCinema w\u00e4chst \u00fcber Grenzen hinaus. What&#8217;s new? Wir \u00fcber uns Wir entwickeln Software f\u00fcr die Kinobranche. Unsere Kunden sind die Betreiber von Kinos und Kinoketten. Unsere Software vereinfacht und automatisiert Betriebsprozesse und Arbeitsabl\u00e4ufe. Sie \u00fcberwacht den Spielbetrieb, erh\u00f6ht die Betriebssicherheit und gibt Kinobetreibern moderne Vermarktungstools f\u00fcr die Leinwand und das Foyer an die [&hellip;]\" \/>\n<meta property=\"og:url\" content=\"https:\/\/onecinema.de\/en\/ueber-uns\/\" \/>\n<meta property=\"og:site_name\" content=\"OneCinema\" \/>\n<meta property=\"article:modified_time\" content=\"2025-11-24T09:54:04+00:00\" \/>\n<meta property=\"og:image\" content=\"https:\/\/onecinema.de\/wp-content\/uploads\/2023\/12\/signet.png\" \/>\n\t<meta property=\"og:image:width\" content=\"915\" \/>\n\t<meta property=\"og:image:height\" content=\"1056\" \/>\n\t<meta property=\"og:image:type\" content=\"image\/png\" \/>\n<meta name=\"twitter:card\" content=\"summary_large_image\" \/>\n<meta name=\"twitter:label1\" content=\"Est. reading time\" \/>\n\t<meta name=\"twitter:data1\" content=\"4 minutes\" \/>\n<script type=\"application\/ld+json\" class=\"yoast-schema-graph\">{\"@context\":\"https:\\\/\\\/schema.org\",\"@graph\":[{\"@type\":\"WebPage\",\"@id\":\"https:\\\/\\\/onecinema.de\\\/ueber-uns\\\/\",\"url\":\"https:\\\/\\\/onecinema.de\\\/ueber-uns\\\/\",\"name\":\"\u00dcber uns - OneCinema\",\"isPartOf\":{\"@id\":\"https:\\\/\\\/onecinema.de\\\/#website\"},\"primaryImageOfPage\":{\"@id\":\"https:\\\/\\\/onecinema.de\\\/ueber-uns\\\/#primaryimage\"},\"image\":{\"@id\":\"https:\\\/\\\/onecinema.de\\\/ueber-uns\\\/#primaryimage\"},\"thumbnailUrl\":\"https:\\\/\\\/onecinema.de\\\/wp-content\\\/uploads\\\/2023\\\/12\\\/signet-887x1024.png\",\"datePublished\":\"2023-12-07T15:18:23+00:00\",\"dateModified\":\"2025-11-24T09:54:04+00:00\",\"breadcrumb\":{\"@id\":\"https:\\\/\\\/onecinema.de\\\/ueber-uns\\\/#breadcrumb\"},\"inLanguage\":\"en-US\",\"potentialAction\":[{\"@type\":\"ReadAction\",\"target\":[\"https:\\\/\\\/onecinema.de\\\/ueber-uns\\\/\"]}]},{\"@type\":\"ImageObject\",\"inLanguage\":\"en-US\",\"@id\":\"https:\\\/\\\/onecinema.de\\\/ueber-uns\\\/#primaryimage\",\"url\":\"https:\\\/\\\/onecinema.de\\\/wp-content\\\/uploads\\\/2023\\\/12\\\/signet-887x1024.png\",\"contentUrl\":\"https:\\\/\\\/onecinema.de\\\/wp-content\\\/uploads\\\/2023\\\/12\\\/signet-887x1024.png\"},{\"@type\":\"BreadcrumbList\",\"@id\":\"https:\\\/\\\/onecinema.de\\\/ueber-uns\\\/#breadcrumb\",\"itemListElement\":[{\"@type\":\"ListItem\",\"position\":1,\"name\":\"Startseite\",\"item\":\"https:\\\/\\\/onecinema.de\\\/\"},{\"@type\":\"ListItem\",\"position\":2,\"name\":\"\u00dcber uns\"}]},{\"@type\":\"WebSite\",\"@id\":\"https:\\\/\\\/onecinema.de\\\/#website\",\"url\":\"https:\\\/\\\/onecinema.de\\\/\",\"name\":\"OneCinema\",\"description\":\"Focus on Entertainment\",\"potentialAction\":[{\"@type\":\"SearchAction\",\"target\":{\"@type\":\"EntryPoint\",\"urlTemplate\":\"https:\\\/\\\/onecinema.de\\\/?s={search_term_string}\"},\"query-input\":{\"@type\":\"PropertyValueSpecification\",\"valueRequired\":true,\"valueName\":\"search_term_string\"}}],\"inLanguage\":\"en-US\"}]}<\/script>\n<!-- \/ Yoast SEO plugin. -->","yoast_head_json":{"title":"About us - OneCinema","robots":{"index":"index","follow":"follow","max-snippet":"max-snippet:-1","max-image-preview":"max-image-preview:large","max-video-preview":"max-video-preview:-1"},"canonical":"https:\/\/onecinema.de\/en\/ueber-uns\/","og_locale":"en_US","og_type":"article","og_title":"\u00dcber uns - OneCinema","og_description":"Focus onEntertainment. OneCinema w\u00e4chst \u00fcber Grenzen hinaus. What&#8217;s new? Wir \u00fcber uns Wir entwickeln Software f\u00fcr die Kinobranche. Unsere Kunden sind die Betreiber von Kinos und Kinoketten. Unsere Software vereinfacht und automatisiert Betriebsprozesse und Arbeitsabl\u00e4ufe. Sie \u00fcberwacht den Spielbetrieb, erh\u00f6ht die Betriebssicherheit und gibt Kinobetreibern moderne Vermarktungstools f\u00fcr die Leinwand und das Foyer an die [&hellip;]","og_url":"https:\/\/onecinema.de\/en\/ueber-uns\/","og_site_name":"OneCinema","article_modified_time":"2025-11-24T09:54:04+00:00","og_image":[{"width":915,"height":1056,"url":"https:\/\/onecinema.de\/wp-content\/uploads\/2023\/12\/signet.png","type":"image\/png"}],"twitter_card":"summary_large_image","twitter_misc":{"Est. reading time":"4 minutes"},"schema":{"@context":"https:\/\/schema.org","@graph":[{"@type":"WebPage","@id":"https:\/\/onecinema.de\/ueber-uns\/","url":"https:\/\/onecinema.de\/ueber-uns\/","name":"About us - OneCinema","isPartOf":{"@id":"https:\/\/onecinema.de\/#website"},"primaryImageOfPage":{"@id":"https:\/\/onecinema.de\/ueber-uns\/#primaryimage"},"image":{"@id":"https:\/\/onecinema.de\/ueber-uns\/#primaryimage"},"thumbnailUrl":"https:\/\/onecinema.de\/wp-content\/uploads\/2023\/12\/signet-887x1024.png","datePublished":"2023-12-07T15:18:23+00:00","dateModified":"2025-11-24T09:54:04+00:00","breadcrumb":{"@id":"https:\/\/onecinema.de\/ueber-uns\/#breadcrumb"},"inLanguage":"en-US","potentialAction":[{"@type":"ReadAction","target":["https:\/\/onecinema.de\/ueber-uns\/"]}]},{"@type":"ImageObject","inLanguage":"en-US","@id":"https:\/\/onecinema.de\/ueber-uns\/#primaryimage","url":"https:\/\/onecinema.de\/wp-content\/uploads\/2023\/12\/signet-887x1024.png","contentUrl":"https:\/\/onecinema.de\/wp-content\/uploads\/2023\/12\/signet-887x1024.png"},{"@type":"BreadcrumbList","@id":"https:\/\/onecinema.de\/ueber-uns\/#breadcrumb","itemListElement":[{"@type":"ListItem","position":1,"name":"Startseite","item":"https:\/\/onecinema.de\/"},{"@type":"ListItem","position":2,"name":"\u00dcber uns"}]},{"@type":"WebSite","@id":"https:\/\/onecinema.de\/#website","url":"https:\/\/onecinema.de\/","name":"OneCinema","description":"Focus on Entertainment","potentialAction":[{"@type":"SearchAction","target":{"@type":"EntryPoint","urlTemplate":"https:\/\/onecinema.de\/?s={search_term_string}"},"query-input":{"@type":"PropertyValueSpecification","valueRequired":true,"valueName":"search_term_string"}}],"inLanguage":"en-US"}]}},"_links":{"self":[{"href":"https:\/\/onecinema.de\/en\/wp-json\/wp\/v2\/pages\/538","targetHints":{"allow":["GET"]}}],"collection":[{"href":"https:\/\/onecinema.de\/en\/wp-json\/wp\/v2\/pages"}],"about":[{"href":"https:\/\/onecinema.de\/en\/wp-json\/wp\/v2\/types\/page"}],"author":[{"embeddable":true,"href":"https:\/\/onecinema.de\/en\/wp-json\/wp\/v2\/users\/3"}],"replies":[{"embeddable":true,"href":"https:\/\/onecinema.de\/en\/wp-json\/wp\/v2\/comments?post=538"}],"version-history":[{"count":3,"href":"https:\/\/onecinema.de\/en\/wp-json\/wp\/v2\/pages\/538\/revisions"}],"predecessor-version":[{"id":3499,"href":"https:\/\/onecinema.de\/en\/wp-json\/wp\/v2\/pages\/538\/revisions\/3499"}],"wp:attachment":[{"href":"https:\/\/onecinema.de\/en\/wp-json\/wp\/v2\/media?parent=538"}],"curies":[{"name":"wp","href":"https:\/\/api.w.org\/{rel}","templated":true}]}}