{"id":805,"date":"2023-12-08T07:55:37","date_gmt":"2023-12-08T07:55:37","guid":{"rendered":"http:\/\/onecinema.de\/?page_id=805"},"modified":"2026-02-26T13:25:12","modified_gmt":"2026-02-26T12:25:12","slug":"impressum","status":"publish","type":"page","link":"https:\/\/onecinema.de\/en\/impressum\/","title":{"rendered":"Legal Notice"},"content":{"rendered":"<div data-elementor-type=\"wp-page\" data-elementor-id=\"805\" class=\"elementor elementor-805\" data-elementor-post-type=\"page\">\n\t\t\t\t<div class=\"elementor-element elementor-element-8aaa77d e-flex e-con-boxed e-con e-parent\" data-id=\"8aaa77d\" data-element_type=\"container\" data-e-type=\"container\">\n\t\t\t\t\t<div class=\"e-con-inner\">\n\t\t\t\t<div class=\"elementor-element elementor-element-d447d88 elementor-widget elementor-widget-heading\" data-id=\"d447d88\" data-element_type=\"widget\" data-e-type=\"widget\" data-widget_type=\"heading.default\">\n\t\t\t\t<div class=\"elementor-widget-container\">\n\t\t\t\t\t<h1 class=\"elementor-heading-title elementor-size-default\">Legal Notice<\/h1>\t\t\t\t<\/div>\n\t\t\t\t<\/div>\n\t\t\t\t\t<\/div>\n\t\t\t\t<\/div>\n\t\t<div class=\"elementor-element elementor-element-fd1bb4a e-flex e-con-boxed e-con e-parent\" data-id=\"fd1bb4a\" data-element_type=\"container\" data-e-type=\"container\">\n\t\t\t\t\t<div class=\"e-con-inner\">\n\t\t<div class=\"elementor-element elementor-element-b914c72 e-con-full e-flex e-con e-child\" data-id=\"b914c72\" data-element_type=\"container\" data-e-type=\"container\">\n\t\t\t\t<div class=\"elementor-element elementor-element-efed58f elementor-widget elementor-widget-text-editor\" data-id=\"efed58f\" data-element_type=\"widget\" data-e-type=\"widget\" data-widget_type=\"text-editor.default\">\n\t\t\t\t<div class=\"elementor-widget-container\">\n\t\t\t\t\t\t\t\t\t<h3>Address<\/h3><p>OneCinema GmbH<br \/>Industriestrasse 6b<br \/>97359 Schwarzach am Main<br \/>Germany<\/p><h3>Contact<\/h3><p>+49 9324 88 99 80 0<br \/>contact@onecinema.de<\/p>\t\t\t\t\t\t\t\t<\/div>\n\t\t\t\t<\/div>\n\t\t\t\t<\/div>\n\t\t<div class=\"elementor-element elementor-element-5b0b803 e-con-full e-flex e-con e-child\" data-id=\"5b0b803\" data-element_type=\"container\" data-e-type=\"container\">\n\t\t\t\t<div class=\"elementor-element elementor-element-2b33172 elementor-widget elementor-widget-text-editor\" data-id=\"2b33172\" data-element_type=\"widget\" data-e-type=\"widget\" data-widget_type=\"text-editor.default\">\n\t\t\t\t<div class=\"elementor-widget-container\">\n\t\t\t\t\t\t\t\t\t<h3>Registered Office of the Company<\/h3>\n<p>97359 Schwarzach am Main<br>Commercial Register at W\u00fcrzburg Local Court<br>Register Number: HRB 11677<br>Value Added Tax ID: DE285986105<\/p>\n<h3>Managing Director<\/h3>\n<p>Joachim Schmitt<\/p>\t\t\t\t\t\t\t\t<\/div>\n\t\t\t\t<\/div>\n\t\t\t\t<\/div>\n\t\t\t\t\t<\/div>\n\t\t\t\t<\/div>\n\t\t<div class=\"elementor-element elementor-element-b216326 e-flex e-con-boxed e-con e-parent\" data-id=\"b216326\" data-element_type=\"container\" data-e-type=\"container\">\n\t\t\t\t\t<div class=\"e-con-inner\">\n\t\t<div class=\"elementor-element elementor-element-db645db e-con-full e-flex e-con e-child\" data-id=\"db645db\" data-element_type=\"container\" data-e-type=\"container\">\n\t\t\t\t<div class=\"elementor-element elementor-element-ade9c58 elementor-widget elementor-widget-text-editor\" data-id=\"ade9c58\" data-element_type=\"widget\" data-e-type=\"widget\" data-widget_type=\"text-editor.default\">\n\t\t\t\t<div class=\"elementor-widget-container\">\n\t\t\t\t\t\t\t\t\t<h3>Legal Issues<\/h3><p>Due to current jurisdiction, we expressly point out that we do not assume any liability for the contents of pages to which reference is made from here (continuative links) and which do not belong to our offer. As a precaution we dissociate ourselves from their contents.<\/p><h3>Link Setting<\/h3><p>Links to our Internet presence are always to be set so that the respective start page is called up. The integration into frames of other presences is not permitted.<\/p>\t\t\t\t\t\t\t\t<\/div>\n\t\t\t\t<\/div>\n\t\t\t\t<\/div>\n\t\t<div class=\"elementor-element elementor-element-4a4c747 e-con-full e-flex e-con e-child\" data-id=\"4a4c747\" data-element_type=\"container\" data-e-type=\"container\">\n\t\t\t\t<div class=\"elementor-element elementor-element-5845097 elementor-widget elementor-widget-text-editor\" data-id=\"5845097\" data-element_type=\"widget\" data-e-type=\"widget\" data-widget_type=\"text-editor.default\">\n\t\t\t\t<div class=\"elementor-widget-container\">\n\t\t\t\t\t\t\t\t\t<h3>Copyright<\/h3><p>All contents of our internet presence are subject to copyright. Neither text, graphics, photos nor any other content may be used for other purposes without our express written permission. The rights of all mentioned brands or trademarks belong to their respective owners.<\/p><h3>Out-of-court Settlement of Disputes<\/h3><p><strong>Information on consumer dispute resolution according to German  \u00a7 36 VSBG:<\/strong><br \/>OneCinema GmbH is not willing or obliged to participate in a dispute resolution procedure for the settlement of disputes with consumers before a consumer arbitration board.<\/p>\t\t\t\t\t\t\t\t<\/div>\n\t\t\t\t<\/div>\n\t\t\t\t<\/div>\n\t\t\t\t\t<\/div>\n\t\t\t\t<\/div>\n\t\t<div class=\"elementor-element elementor-element-cdb19c7 e-flex e-con-boxed e-con e-parent\" data-id=\"cdb19c7\" data-element_type=\"container\" data-e-type=\"container\">\n\t\t\t\t\t<div class=\"e-con-inner\">\n\t\t<div class=\"elementor-element elementor-element-14d90ee e-con-full e-flex e-con e-child\" data-id=\"14d90ee\" data-element_type=\"container\" data-e-type=\"container\">\n\t\t\t\t<div class=\"elementor-element elementor-element-715c355 elementor-widget elementor-widget-text-editor\" data-id=\"715c355\" data-element_type=\"widget\" data-e-type=\"widget\" data-widget_type=\"text-editor.default\">\n\t\t\t\t<div class=\"elementor-widget-container\">\n\t\t\t\t\t\t\t\t\t<h3>Branding and web design<\/h3><p><a href=\"https:\/\/jos-buero.de\/\" target=\"_blank\" rel=\"noopener\">jo's b\u00fcro f\u00fcr Gestaltung GmbH<\/a>\u00a0<\/p><p>\u00a0<\/p>\t\t\t\t\t\t\t\t<\/div>\n\t\t\t\t<\/div>\n\t\t\t\t<\/div>\n\t\t<div class=\"elementor-element elementor-element-7a638c3 e-con-full e-flex e-con e-child\" data-id=\"7a638c3\" data-element_type=\"container\" data-e-type=\"container\">\n\t\t\t\t<div class=\"elementor-element elementor-element-74cf38f elementor-widget elementor-widget-text-editor\" data-id=\"74cf38f\" data-element_type=\"widget\" data-e-type=\"widget\" data-widget_type=\"text-editor.default\">\n\t\t\t\t<div class=\"elementor-widget-container\">\n\t\t\t\t\t\t\t\t\t<h3>Photo Credits:<\/h3><p class=\"p1\">Photo \u201cLas Vegas Sign\u201d by <span style=\"text-decoration: underline;\"><a href=\"https:\/\/unsplash.com\/de\/@lusvardi?utm_source=unsplash&amp;utm_medium=referral&amp;utm_content=creditCopyText\"><span class=\"s1\">David <\/span><span class=\"s1\">Lusvardi<\/span><\/a><\/span> on <span class=\"s1\">Unsplash<\/span><\/p>\t\t\t\t\t\t\t\t<\/div>\n\t\t\t\t<\/div>\n\t\t\t\t<\/div>\n\t\t\t\t\t<\/div>\n\t\t\t\t<\/div>\n\t\t\t\t<\/div>","protected":false},"excerpt":{"rendered":"<p>Impressum Anschrift OneCinema GmbHIndustriestrasse 6b97359 Schwarzach am MainDeutschland Kontakt +49 9324 88 99 80 0kontakt@onecinema.de Sitz der Gesellschaft 97359 Schwarzach am MainHandelsregister beim Amtsgericht W\u00fcrzburgRegisternummer: HRB 11677Umsatzsteuer-ID: DE285986105 Gesch\u00e4ftsf\u00fchrer Joachim Schmitt Rechtliches Aufgrund g\u00e4ngiger Rechtsprechung weisen wir Sie ausdr\u00fccklich darauf hin, dass wir f\u00fcr die Inhalte von Seiten, auf die von hier verwiesen wird (weiterf\u00fchrende [&hellip;]<\/p>\n","protected":false},"author":3,"featured_media":0,"parent":0,"menu_order":21,"comment_status":"closed","ping_status":"closed","template":"","meta":{"footnotes":""},"class_list":["post-805","page","type-page","status-publish","hentry"],"yoast_head":"<!-- This site is optimized with the Yoast SEO plugin v27.4 - https:\/\/yoast.com\/product\/yoast-seo-wordpress\/ -->\n<title>Impressum - OneCinema<\/title>\n<meta name=\"robots\" content=\"index, follow, max-snippet:-1, max-image-preview:large, max-video-preview:-1\" \/>\n<link rel=\"canonical\" href=\"https:\/\/onecinema.de\/en\/impressum\/\" \/>\n<meta property=\"og:locale\" content=\"en_US\" \/>\n<meta property=\"og:type\" content=\"article\" \/>\n<meta property=\"og:title\" content=\"Impressum - OneCinema\" \/>\n<meta property=\"og:description\" content=\"Impressum Anschrift OneCinema GmbHIndustriestrasse 6b97359 Schwarzach am MainDeutschland Kontakt +49 9324 88 99 80 0kontakt@onecinema.de Sitz der Gesellschaft 97359 Schwarzach am MainHandelsregister beim Amtsgericht W\u00fcrzburgRegisternummer: HRB 11677Umsatzsteuer-ID: DE285986105 Gesch\u00e4ftsf\u00fchrer Joachim Schmitt Rechtliches Aufgrund g\u00e4ngiger Rechtsprechung weisen wir Sie ausdr\u00fccklich darauf hin, dass wir f\u00fcr die Inhalte von Seiten, auf die von hier verwiesen wird (weiterf\u00fchrende [&hellip;]\" \/>\n<meta property=\"og:url\" content=\"https:\/\/onecinema.de\/en\/impressum\/\" \/>\n<meta property=\"og:site_name\" content=\"OneCinema\" \/>\n<meta property=\"article:modified_time\" content=\"2026-02-26T12:25:12+00:00\" \/>\n<meta name=\"twitter:card\" content=\"summary_large_image\" \/>\n<meta name=\"twitter:label1\" content=\"Est. reading time\" \/>\n\t<meta name=\"twitter:data1\" content=\"2 minutes\" \/>\n<script type=\"application\/ld+json\" class=\"yoast-schema-graph\">{\"@context\":\"https:\\\/\\\/schema.org\",\"@graph\":[{\"@type\":\"WebPage\",\"@id\":\"https:\\\/\\\/onecinema.de\\\/impressum\\\/\",\"url\":\"https:\\\/\\\/onecinema.de\\\/impressum\\\/\",\"name\":\"Impressum - OneCinema\",\"isPartOf\":{\"@id\":\"https:\\\/\\\/onecinema.de\\\/#website\"},\"datePublished\":\"2023-12-08T07:55:37+00:00\",\"dateModified\":\"2026-02-26T12:25:12+00:00\",\"breadcrumb\":{\"@id\":\"https:\\\/\\\/onecinema.de\\\/impressum\\\/#breadcrumb\"},\"inLanguage\":\"en-US\",\"potentialAction\":[{\"@type\":\"ReadAction\",\"target\":[\"https:\\\/\\\/onecinema.de\\\/impressum\\\/\"]}]},{\"@type\":\"BreadcrumbList\",\"@id\":\"https:\\\/\\\/onecinema.de\\\/impressum\\\/#breadcrumb\",\"itemListElement\":[{\"@type\":\"ListItem\",\"position\":1,\"name\":\"Startseite\",\"item\":\"https:\\\/\\\/onecinema.de\\\/\"},{\"@type\":\"ListItem\",\"position\":2,\"name\":\"Impressum\"}]},{\"@type\":\"WebSite\",\"@id\":\"https:\\\/\\\/onecinema.de\\\/#website\",\"url\":\"https:\\\/\\\/onecinema.de\\\/\",\"name\":\"OneCinema\",\"description\":\"Focus on Entertainment\",\"potentialAction\":[{\"@type\":\"SearchAction\",\"target\":{\"@type\":\"EntryPoint\",\"urlTemplate\":\"https:\\\/\\\/onecinema.de\\\/?s={search_term_string}\"},\"query-input\":{\"@type\":\"PropertyValueSpecification\",\"valueRequired\":true,\"valueName\":\"search_term_string\"}}],\"inLanguage\":\"en-US\"}]}<\/script>\n<!-- \/ Yoast SEO plugin. -->","yoast_head_json":{"title":"Imprint - OneCinema","robots":{"index":"index","follow":"follow","max-snippet":"max-snippet:-1","max-image-preview":"max-image-preview:large","max-video-preview":"max-video-preview:-1"},"canonical":"https:\/\/onecinema.de\/en\/impressum\/","og_locale":"en_US","og_type":"article","og_title":"Impressum - OneCinema","og_description":"Impressum Anschrift OneCinema GmbHIndustriestrasse 6b97359 Schwarzach am MainDeutschland Kontakt +49 9324 88 99 80 0kontakt@onecinema.de Sitz der Gesellschaft 97359 Schwarzach am MainHandelsregister beim Amtsgericht W\u00fcrzburgRegisternummer: HRB 11677Umsatzsteuer-ID: DE285986105 Gesch\u00e4ftsf\u00fchrer Joachim Schmitt Rechtliches Aufgrund g\u00e4ngiger Rechtsprechung weisen wir Sie ausdr\u00fccklich darauf hin, dass wir f\u00fcr die Inhalte von Seiten, auf die von hier verwiesen wird (weiterf\u00fchrende [&hellip;]","og_url":"https:\/\/onecinema.de\/en\/impressum\/","og_site_name":"OneCinema","article_modified_time":"2026-02-26T12:25:12+00:00","twitter_card":"summary_large_image","twitter_misc":{"Est. reading time":"2 minutes"},"schema":{"@context":"https:\/\/schema.org","@graph":[{"@type":"WebPage","@id":"https:\/\/onecinema.de\/impressum\/","url":"https:\/\/onecinema.de\/impressum\/","name":"Imprint - OneCinema","isPartOf":{"@id":"https:\/\/onecinema.de\/#website"},"datePublished":"2023-12-08T07:55:37+00:00","dateModified":"2026-02-26T12:25:12+00:00","breadcrumb":{"@id":"https:\/\/onecinema.de\/impressum\/#breadcrumb"},"inLanguage":"en-US","potentialAction":[{"@type":"ReadAction","target":["https:\/\/onecinema.de\/impressum\/"]}]},{"@type":"BreadcrumbList","@id":"https:\/\/onecinema.de\/impressum\/#breadcrumb","itemListElement":[{"@type":"ListItem","position":1,"name":"Startseite","item":"https:\/\/onecinema.de\/"},{"@type":"ListItem","position":2,"name":"Impressum"}]},{"@type":"WebSite","@id":"https:\/\/onecinema.de\/#website","url":"https:\/\/onecinema.de\/","name":"OneCinema","description":"Focus on Entertainment","potentialAction":[{"@type":"SearchAction","target":{"@type":"EntryPoint","urlTemplate":"https:\/\/onecinema.de\/?s={search_term_string}"},"query-input":{"@type":"PropertyValueSpecification","valueRequired":true,"valueName":"search_term_string"}}],"inLanguage":"en-US"}]}},"_links":{"self":[{"href":"https:\/\/onecinema.de\/en\/wp-json\/wp\/v2\/pages\/805","targetHints":{"allow":["GET"]}}],"collection":[{"href":"https:\/\/onecinema.de\/en\/wp-json\/wp\/v2\/pages"}],"about":[{"href":"https:\/\/onecinema.de\/en\/wp-json\/wp\/v2\/types\/page"}],"author":[{"embeddable":true,"href":"https:\/\/onecinema.de\/en\/wp-json\/wp\/v2\/users\/3"}],"replies":[{"embeddable":true,"href":"https:\/\/onecinema.de\/en\/wp-json\/wp\/v2\/comments?post=805"}],"version-history":[{"count":3,"href":"https:\/\/onecinema.de\/en\/wp-json\/wp\/v2\/pages\/805\/revisions"}],"predecessor-version":[{"id":3751,"href":"https:\/\/onecinema.de\/en\/wp-json\/wp\/v2\/pages\/805\/revisions\/3751"}],"wp:attachment":[{"href":"https:\/\/onecinema.de\/en\/wp-json\/wp\/v2\/media?parent=805"}],"curies":[{"name":"wp","href":"https:\/\/api.w.org\/{rel}","templated":true}]}}